{"id":54,"date":"2015-08-05T07:36:52","date_gmt":"2015-08-05T07:36:52","guid":{"rendered":"http:\/\/www.lehrter-tafel.de\/wordpress\/?page_id=54"},"modified":"2015-09-18T15:05:54","modified_gmt":"2015-09-18T15:05:54","slug":"formular","status":"publish","type":"page","link":"https:\/\/www.lehrter-tafel.de\/wordpress\/kontakt\/formular\/","title":{"rendered":"Kontaktformular"},"content":{"rendered":"<div id=\"fb-root\"><\/div>\n<p><strong><span style=\"font-family: verdana,geneva,sans-serif; font-size: 20px;\">Kontaktformular<\/span><\/strong><\/p>\n<p><span style=\"font-size: 14px; font-family: verdana,geneva,sans-serif;\">Zur schriftlichen Kontaktaufnahme f\u00fcllen Sie bitte das folgende Formular vollst\u00e4ndig aus und dr\u00fccken dann auf den &#8222;Senden&#8220;-Button. Die Eingabe des Captcha-Codes sch\u00fctzt uns gegen automatisch erzeugte Spam-Mails.<\/span><\/p>\n<p>&nbsp;<\/p>\n<p><span style=\"font-family: verdana,geneva,sans-serif; font-size: 14px;\">\n<div class=\"wpcf7 no-js\" id=\"wpcf7-f347-o1\" lang=\"de-DE\" dir=\"ltr\" data-wpcf7-id=\"347\">\n<div class=\"screen-reader-response\"><p role=\"status\" aria-live=\"polite\" aria-atomic=\"true\"><\/p> <ul><\/ul><\/div>\n<form action=\"\/wordpress\/wp-json\/wp\/v2\/pages\/54#wpcf7-f347-o1\" method=\"post\" class=\"wpcf7-form init\" aria-label=\"Kontaktformular\" novalidate=\"novalidate\" data-status=\"init\">\n<fieldset class=\"hidden-fields-container\"><input type=\"hidden\" name=\"_wpcf7\" value=\"347\" \/><input type=\"hidden\" name=\"_wpcf7_version\" value=\"6.1.5\" \/><input type=\"hidden\" name=\"_wpcf7_locale\" value=\"de_DE\" \/><input type=\"hidden\" name=\"_wpcf7_unit_tag\" value=\"wpcf7-f347-o1\" \/><input type=\"hidden\" name=\"_wpcf7_container_post\" value=\"0\" \/><input type=\"hidden\" name=\"_wpcf7_posted_data_hash\" value=\"\" \/>\n<\/fieldset>\n<p>Ihr Name (Pflichtfeld)\n<\/p>\n<p><span class=\"wpcf7-form-control-wrap\" data-name=\"your-name\"><input size=\"40\" maxlength=\"400\" class=\"wpcf7-form-control wpcf7-text wpcf7-validates-as-required\" aria-required=\"true\" aria-invalid=\"false\" value=\"\" type=\"text\" name=\"your-name\" \/><\/span>\n<\/p>\n<p>Ihre E-Mail-Adresse (Pflichtfeld)\n<\/p>\n<p><span class=\"wpcf7-form-control-wrap\" data-name=\"your-email\"><input size=\"40\" maxlength=\"400\" class=\"wpcf7-form-control wpcf7-email wpcf7-validates-as-required wpcf7-text wpcf7-validates-as-email\" aria-required=\"true\" aria-invalid=\"false\" value=\"\" type=\"email\" name=\"your-email\" \/><\/span>\n<\/p>\n<p>Betreff\n<\/p>\n<p><span class=\"wpcf7-form-control-wrap\" data-name=\"your-subject\"><input size=\"40\" maxlength=\"400\" class=\"wpcf7-form-control wpcf7-text\" aria-invalid=\"false\" value=\"\" type=\"text\" name=\"your-subject\" \/><\/span>\n<\/p>\n<p>Ihre Nachricht\n<\/p>\n<p><span class=\"wpcf7-form-control-wrap\" data-name=\"your-message\"><textarea cols=\"40\" rows=\"10\" maxlength=\"2000\" class=\"wpcf7-form-control wpcf7-textarea\" aria-invalid=\"false\" name=\"your-message\"><\/textarea><\/span>\n<\/p>\n<p>Captcha\n<\/p>\n<p><input type=\"hidden\" name=\"_wpcf7_captcha_challenge_captcha-651\" value=\"2135330444\" \/><img loading=\"lazy\" decoding=\"async\" class=\"wpcf7-form-control wpcf7-captchac wpcf7-captcha-captcha-651\" width=\"72\" height=\"24\" alt=\"captcha\" src=\"https:\/\/www.lehrter-tafel.de\/wordpress\/wp-content\/uploads\/wpcf7_captcha\/2135330444.png\" \/><span class=\"wpcf7-form-control-wrap\" data-name=\"captcha-651\"><input size=\"40\" class=\"wpcf7-form-control wpcf7-captchar\" autocomplete=\"off\" aria-invalid=\"false\" value=\"\" type=\"text\" name=\"captcha-651\" \/><\/span>\n<\/p>\n<p><input class=\"wpcf7-form-control wpcf7-submit has-spinner\" type=\"submit\" value=\"Senden\" \/>\n<\/p><div class=\"wpcf7-response-output\" aria-hidden=\"true\"><\/div>\n<\/form>\n<\/div>\n<\/span><\/p>\n","protected":false},"excerpt":{"rendered":"<p>Kontaktformular Zur schriftlichen Kontaktaufnahme f\u00fcllen Sie bitte das folgende Formular vollst\u00e4ndig aus und dr\u00fccken dann auf den &#8222;Senden&#8220;-Button. Die Eingabe des Captcha-Codes sch\u00fctzt uns gegen automatisch erzeugte Spam-Mails. &nbsp;<\/p>\n","protected":false},"author":3,"featured_media":0,"parent":16,"menu_order":0,"comment_status":"closed","ping_status":"closed","template":"","meta":{"rop_custom_images_group":[],"rop_custom_messages_group":[],"rop_publish_now":"initial","rop_publish_now_accounts":[],"rop_publish_now_history":[],"rop_publish_now_status":"pending","footnotes":""},"class_list":["post-54","page","type-page","status-publish","hentry"],"wppr_data":[],"_links":{"self":[{"href":"https:\/\/www.lehrter-tafel.de\/wordpress\/wp-json\/wp\/v2\/pages\/54","targetHints":{"allow":["GET"]}}],"collection":[{"href":"https:\/\/www.lehrter-tafel.de\/wordpress\/wp-json\/wp\/v2\/pages"}],"about":[{"href":"https:\/\/www.lehrter-tafel.de\/wordpress\/wp-json\/wp\/v2\/types\/page"}],"author":[{"embeddable":true,"href":"https:\/\/www.lehrter-tafel.de\/wordpress\/wp-json\/wp\/v2\/users\/3"}],"replies":[{"embeddable":true,"href":"https:\/\/www.lehrter-tafel.de\/wordpress\/wp-json\/wp\/v2\/comments?post=54"}],"version-history":[{"count":8,"href":"https:\/\/www.lehrter-tafel.de\/wordpress\/wp-json\/wp\/v2\/pages\/54\/revisions"}],"predecessor-version":[{"id":738,"href":"https:\/\/www.lehrter-tafel.de\/wordpress\/wp-json\/wp\/v2\/pages\/54\/revisions\/738"}],"up":[{"embeddable":true,"href":"https:\/\/www.lehrter-tafel.de\/wordpress\/wp-json\/wp\/v2\/pages\/16"}],"wp:attachment":[{"href":"https:\/\/www.lehrter-tafel.de\/wordpress\/wp-json\/wp\/v2\/media?parent=54"}],"curies":[{"name":"wp","href":"https:\/\/api.w.org\/{rel}","templated":true}]}}