{"id":444,"date":"2015-08-18T13:04:38","date_gmt":"2015-08-18T13:04:38","guid":{"rendered":"http:\/\/www.lehrter-tafel.de\/wordpress\/?page_id=444"},"modified":"2026-02-22T16:57:34","modified_gmt":"2026-02-22T16:57:34","slug":"wie-kann-ich-helfen-2","status":"publish","type":"page","link":"https:\/\/www.lehrter-tafel.de\/wordpress\/goenner-und-foerderer\/wie-kann-ich-helfen-2\/","title":{"rendered":"Wie kann ich helfen?"},"content":{"rendered":"<div id=\"fb-root\"><\/div>\n<p><strong><span style=\"font-family: verdana,geneva,sans-serif; font-size: 20px;\">Wie kann ich helfen?<\/span><\/strong><\/p>\n<p><span style=\"font-family: verdana,geneva,sans-serif; font-size: 14px;\">Die Lehrter Tafel e.V. finanziert sich ausschlie\u00dflich durch <span style=\"color: #0000ff;\"><strong>Spenden<\/strong><\/span>. Viele Freunde und F\u00f6rderer erm\u00f6glichen es uns, hilfsbed\u00fcrftige Mitmenschen in unserer Stadt wirkungsvoll unterst\u00fctzen zu k\u00f6nnen. <strong>Sie<\/strong> sind alle herzlich willkommen!<\/span><\/p>\n<p><span style=\"font-family: verdana,geneva,sans-serif; font-size: 14px;\"><strong>So k\u00f6nnen Sie der Lehrter Tafel e.V. helfen<\/strong>:<\/span><\/p>\n<ul>\n<li><span style=\"font-family: verdana,geneva,sans-serif; font-size: 14px;\">Spenden Sie <span style=\"color: #0000ff;\"><strong>Lebensmittel<\/strong><\/span>: z.B.\u00a0Obst, Gem\u00fcse, Konserven, S\u00e4fte, S\u00fc\u00dfwaren usw. \u2013 auch kurz vor dem Ablaufdatum.<\/span><\/li>\n<li><span style=\"font-family: verdana,geneva,sans-serif; font-size: 14px;\">Oder spenden Sie Ihre <span style=\"color: #0000ff;\"><strong>Zeit als ehrenamtliche Helferinnen und Helfer<\/strong><\/span> f\u00fcr die Ausgabe der Lebensmittel in der Gartenstra\u00dfe oder f\u00fcr die Abholung der Waren bei unseren Sponsoren.<\/span><\/li>\n<li><span style=\"font-family: verdana,geneva,sans-serif; font-size: 14px;\">Oder unterst\u00fctzen Sie uns <strong><span style=\"color: #0000ff;\">finanziell<\/span>: <\/strong>z.B. f\u00fcr\u00a0Miete, Strom, Heizung, Treibstoff, Unterhalt und Versicherung der Tafelfahrzeuge usw.<\/span><\/li>\n<\/ul>\n<p data-canvas-width=\"23.582104756511896\"><span style=\"font-family: verdana,geneva,sans-serif; font-size: 14px;\">Wenn Sie uns ohne gro\u00dfen Aufwand regelm\u00e4\u00dfig finanziell unterst\u00fctzen wollen, werden Sie doch einfach <strong><span style=\"color: #0000ff;\"><a style=\"color: #0000ff;\" href=\"https:\/\/www.lehrter-tafel.de\/wordpress\/foerdermitgliedsschaft\/\">F\u00f6rdermitglied<\/a><\/span><\/strong>!<br \/>\nAber ebenso freuen wir uns \u00fcber eine einmalige <strong>Geldspende<\/strong> oder \u00fcber einen <strong>Dauerauftrag<\/strong>, der uns mehr Planungssicherheit gibt. Unser Spendenkonto lautet:<span style=\"color: #0000ff;\"><a href=\"https:\/\/www.lehrter-tafel.de\/wordpress\/wp-content\/uploads\/2015\/08\/37608735819795097469.jpg\"><img loading=\"lazy\" decoding=\"async\" class=\" wp-image-383 alignright\" src=\"https:\/\/www.lehrter-tafel.de\/wordpress\/wp-content\/uploads\/2015\/08\/37608735819795097469-1024x728.jpg\" alt=\"Sammlungsplakat_01\/07\" width=\"223\" height=\"159\" srcset=\"https:\/\/www.lehrter-tafel.de\/wordpress\/wp-content\/uploads\/2015\/08\/37608735819795097469-1024x728.jpg 1024w, https:\/\/www.lehrter-tafel.de\/wordpress\/wp-content\/uploads\/2015\/08\/37608735819795097469-300x213.jpg 300w, https:\/\/www.lehrter-tafel.de\/wordpress\/wp-content\/uploads\/2015\/08\/37608735819795097469.jpg 1667w\" sizes=\"auto, (max-width: 223px) 100vw, 223px\" \/><\/a><\/span><\/span><\/p>\n<p style=\"padding-left: 30px;\" data-canvas-width=\"23.582104756511896\"><span style=\"color: #0000ff; font-family: verdana,geneva,sans-serif; font-size: 14px;\">Volksbank eG<br \/>\nIBAN:\u00a0 DE39 \u00a02519 3331 7105 4421 00<br \/>\nBIC: \u00a0\u00a0 GENODEF1PAT<br \/>\nSt.Nr.\u00a0 16\/200\/97572<br \/>\n<\/span><\/p>\n<p data-canvas-width=\"23.582104756511896\"><span style=\"font-family: verdana,geneva,sans-serif; font-size: 14px;\">Eine Spendenquittung f\u00fcr das Finanzamt stellen wir Ihnen gern aus.<\/span><\/p>\n<p><span style=\"font-size: 14px; font-family: verdana,geneva,sans-serif;\">\u00a0<\/span><\/p>\n<p><span style=\"font-size: 14px; font-family: verdana,geneva,sans-serif;\">\u00a0<\/span><\/p>\n","protected":false},"excerpt":{"rendered":"<p>Wie kann ich helfen? Die Lehrter Tafel e.V. finanziert sich ausschlie\u00dflich durch Spenden. Viele Freunde und F\u00f6rderer erm\u00f6glichen es uns, hilfsbed\u00fcrftige Mitmenschen in unserer Stadt wirkungsvoll unterst\u00fctzen zu k\u00f6nnen. Sie sind alle herzlich willkommen! So k\u00f6nnen Sie der Lehrter Tafel e.V. helfen: Spenden Sie Lebensmittel: z.B.\u00a0Obst, Gem\u00fcse, Konserven, S\u00e4fte, S\u00fc\u00dfwaren usw. \u2013 auch kurz vor [&hellip;]<\/p>\n","protected":false},"author":2,"featured_media":0,"parent":203,"menu_order":0,"comment_status":"closed","ping_status":"closed","template":"","meta":{"rop_custom_images_group":[],"rop_custom_messages_group":[],"rop_publish_now":"initial","rop_publish_now_accounts":[],"rop_publish_now_history":[],"rop_publish_now_status":"pending","footnotes":""},"class_list":["post-444","page","type-page","status-publish","hentry"],"wppr_data":{"cwp_meta_box_check":"No"},"_links":{"self":[{"href":"https:\/\/www.lehrter-tafel.de\/wordpress\/wp-json\/wp\/v2\/pages\/444","targetHints":{"allow":["GET"]}}],"collection":[{"href":"https:\/\/www.lehrter-tafel.de\/wordpress\/wp-json\/wp\/v2\/pages"}],"about":[{"href":"https:\/\/www.lehrter-tafel.de\/wordpress\/wp-json\/wp\/v2\/types\/page"}],"author":[{"embeddable":true,"href":"https:\/\/www.lehrter-tafel.de\/wordpress\/wp-json\/wp\/v2\/users\/2"}],"replies":[{"embeddable":true,"href":"https:\/\/www.lehrter-tafel.de\/wordpress\/wp-json\/wp\/v2\/comments?post=444"}],"version-history":[{"count":13,"href":"https:\/\/www.lehrter-tafel.de\/wordpress\/wp-json\/wp\/v2\/pages\/444\/revisions"}],"predecessor-version":[{"id":1880,"href":"https:\/\/www.lehrter-tafel.de\/wordpress\/wp-json\/wp\/v2\/pages\/444\/revisions\/1880"}],"up":[{"embeddable":true,"href":"https:\/\/www.lehrter-tafel.de\/wordpress\/wp-json\/wp\/v2\/pages\/203"}],"wp:attachment":[{"href":"https:\/\/www.lehrter-tafel.de\/wordpress\/wp-json\/wp\/v2\/media?parent=444"}],"curies":[{"name":"wp","href":"https:\/\/api.w.org\/{rel}","templated":true}]}}