{"id":42,"date":"2015-08-05T07:32:28","date_gmt":"2015-08-05T07:32:28","guid":{"rendered":"http:\/\/www.lehrter-tafel.de\/wordpress\/?page_id=42"},"modified":"2015-10-08T11:14:23","modified_gmt":"2015-10-08T11:14:23","slug":"tafel-idee","status":"publish","type":"page","link":"https:\/\/www.lehrter-tafel.de\/wordpress\/ueber-uns\/tafel-idee\/","title":{"rendered":"Tafel-Idee"},"content":{"rendered":"<div id=\"fb-root\"><\/div>\n<div id=\"c311\" class=\"csc-default\">\n<h2><span style=\"font-size: 20px;\"><strong><span style=\"font-family: verdana,geneva,sans-serif;\">Tafel-Idee<\/span><\/strong><\/span><\/h2>\n<h2><span style=\"font-family: verdana,geneva,sans-serif; font-size: 16px;\">Eine Idee, von der alle profitieren<\/span><\/h2>\n<p><span style=\"font-family: verdana,geneva,sans-serif; font-size: 14px;\">In Deutschland leben Millionen Menschen in <a class=\"internal-link\" title=\"\u00d6ffnet internen Link im aktuellen Fenster\" href=\"http:\/\/www.tafel.de\/die-tafeln\/zahlen-fakten\/armut-in-deutschland.html\" target=\"_blank\">Einkommensarmut<\/a> oder sind unmittelbar von ihr bedroht: vor allem Arbeitslose, Geringverdiener, Alleinerziehende,\u00a0Asylbewerber und Rentner. Wenn das Geld knapp wird, sparen die meisten bei der t\u00e4glichen Ern\u00e4hrung \u2013 zu Lasten ihrer Gesundheit.<\/span><\/p>\n<p><span style=\"font-family: verdana,geneva,sans-serif; font-size: 14px;\">Gleichzeitig fallen t\u00e4glich bei Lebensmittelproduzenten, in Superm\u00e4rkten, in Hotels und Restaurants, auf Wochenm\u00e4rkten und bei Veranstaltungen gro\u00dfe Mengen von Lebensmitteln an, die \u2013 obwohl qualitativ einwandfrei \u2013 im Wirtschaftskreislauf nicht mehr verkauft werden k\u00f6nnen und sonst oft im M\u00fcll landen w\u00fcrden. Dazu z\u00e4hlen Lagerbest\u00e4nde mit nahendem Mindesthaltbarkeitsdatum,\u00a0Backwaren vom Vortag, Saisonartikel, \u00dcberproduktionen, falsch verpackte Ware oder Obst und Gem\u00fcse mit kleinen Sch\u00f6nheitsfehlern.<\/span><\/p>\n<p><span style=\"font-family: verdana,geneva,sans-serif; font-size: 14px;\">Die Tafeln\u00a0schaffen einen Ausgleich: Sie sammeln diese \u00fcbersch\u00fcssigen Lebensmittel im Handel und bei Herstellern ein und verteilen sie an sozial und wirtschaftlich benachteiligte Menschen, kostenlos oder gegen einen symbolischen Betrag.<\/span><\/p>\n<p><span style=\"font-family: verdana,geneva,sans-serif; font-size: 14px;\">Eine Idee, von der alle Beteiligten profitieren: Lebensmittelh\u00e4ndler und -hersteller \u00fcbernehmen soziale Verantwortung. Und Bed\u00fcrftige erhalten f\u00fcr wenig Geld oder sogar kostenlos qualitativ hochwertige Nahrungsmittel \u2013 sowie Motivation f\u00fcr die Zukunft. Ganz nebenbei reduziert sich der anfallende M\u00fcll zugunsten der Umwelt, und wertvolle Ressourcen werden geschont.<\/span><\/p>\n<p><span style=\"font-family: verdana,geneva,sans-serif; font-size: 14px;\">Verteilt werden bei den Tafeln ausschlie\u00dflich gespendete Lebensmittel. Zugekauft wird nichts. Miete, Transport- und Verwaltungskosten der Tafeln werden \u00fcber private und privatwirtschaftliche Spender und Sponsoren gedeckt.<\/span><br \/>\n<span style=\"font-family: verdana,geneva,sans-serif; font-size: 14px;\"> So schaffen die Tafeln eine Br\u00fccke zwischen \u00dcberfluss und Mangel \u2013 zu Gunsten aller Beteiligten. <b><br \/>\n<\/b><\/span><\/p>\n<\/div>\n","protected":false},"excerpt":{"rendered":"<p>Tafel-Idee Eine Idee, von der alle profitieren In Deutschland leben Millionen Menschen in Einkommensarmut oder sind unmittelbar von ihr bedroht: vor allem Arbeitslose, Geringverdiener, Alleinerziehende,\u00a0Asylbewerber und Rentner. Wenn das Geld knapp wird, sparen die meisten bei der t\u00e4glichen Ern\u00e4hrung \u2013 zu Lasten ihrer Gesundheit. Gleichzeitig fallen t\u00e4glich bei Lebensmittelproduzenten, in Superm\u00e4rkten, in Hotels und Restaurants, [&hellip;]<\/p>\n","protected":false},"author":2,"featured_media":0,"parent":12,"menu_order":20,"comment_status":"closed","ping_status":"closed","template":"","meta":{"rop_custom_images_group":[],"rop_custom_messages_group":[],"rop_publish_now":"initial","rop_publish_now_accounts":[],"rop_publish_now_history":[],"rop_publish_now_status":"pending","footnotes":""},"class_list":["post-42","page","type-page","status-publish","hentry"],"wppr_data":{"cwp_meta_box_check":"No","cwp_rev_product_name":"","cwp_rev_product_image":"","cwp_image_link":"image","cwp_rev_price":""},"_links":{"self":[{"href":"https:\/\/www.lehrter-tafel.de\/wordpress\/wp-json\/wp\/v2\/pages\/42","targetHints":{"allow":["GET"]}}],"collection":[{"href":"https:\/\/www.lehrter-tafel.de\/wordpress\/wp-json\/wp\/v2\/pages"}],"about":[{"href":"https:\/\/www.lehrter-tafel.de\/wordpress\/wp-json\/wp\/v2\/types\/page"}],"author":[{"embeddable":true,"href":"https:\/\/www.lehrter-tafel.de\/wordpress\/wp-json\/wp\/v2\/users\/2"}],"replies":[{"embeddable":true,"href":"https:\/\/www.lehrter-tafel.de\/wordpress\/wp-json\/wp\/v2\/comments?post=42"}],"version-history":[{"count":5,"href":"https:\/\/www.lehrter-tafel.de\/wordpress\/wp-json\/wp\/v2\/pages\/42\/revisions"}],"predecessor-version":[{"id":710,"href":"https:\/\/www.lehrter-tafel.de\/wordpress\/wp-json\/wp\/v2\/pages\/42\/revisions\/710"}],"up":[{"embeddable":true,"href":"https:\/\/www.lehrter-tafel.de\/wordpress\/wp-json\/wp\/v2\/pages\/12"}],"wp:attachment":[{"href":"https:\/\/www.lehrter-tafel.de\/wordpress\/wp-json\/wp\/v2\/media?parent=42"}],"curies":[{"name":"wp","href":"https:\/\/api.w.org\/{rel}","templated":true}]}}