{"id":419,"date":"2015-08-13T15:27:52","date_gmt":"2015-08-13T15:27:52","guid":{"rendered":"http:\/\/www.lehrter-tafel.de\/wordpress\/?page_id=419"},"modified":"2019-05-09T09:27:31","modified_gmt":"2019-05-09T09:27:31","slug":"lokale-presse","status":"publish","type":"page","link":"https:\/\/www.lehrter-tafel.de\/wordpress\/medien\/lokale-presse\/","title":{"rendered":"Lokale Presse"},"content":{"rendered":"<div id=\"fb-root\"><\/div>\n<h2><strong><span style=\"font-family: verdana,geneva,sans-serif; font-size: 20px;\">Aktuelles aus der Lokalpresse<\/span><\/strong><\/h2>\n<div class=\"csc-textpic csc-textpic-left csc-textpic-below\">\n<div class=\"csc-textpic-text\">\n<p><span style=\"font-family: verdana,geneva,sans-serif; font-size: 14px;\">Von den Tafeln allgemein und \u00fcber die Lehrter Tafel im Besonderen wird nicht nur viel gesprochen, es wird auch einiges geschrieben. Hier ein paar Ausz\u00fcge:<\/span><\/p>\n<h3>2019<\/h3>\n<p><strong>Neuer K\u00fchlwagen f\u00fcr die Lehrter Tafel<\/strong><\/p>\n<p>Ein neues Fahrzeug f\u00fcr die Tafel, dank der Spender und Unterst\u00fctzer.<\/p>\n<p>Etwa 42.000 Kilometer werden j\u00e4hrlich zur\u00fcck gelegt<\/p>\n<p>VON DANA NOLL<\/p>\n<p>LEHRTE. Die Lehrter Tafel freut sich \u00fcber Zuwachs in ihrem kleinen Fuhrpark. Seit April 2019 ist ein neues Auslieferungsfahrzeug (insgesamt gibt es nun 3) im Einsatz, das am vergangenen Freitagvormittag offiziell eingeweiht wurde. Der neue Fiat Ducato hat eine K\u00fchlvorrichtung und deutlich mehr Platz. \u201eDa gehen nun drei Paletten rein\u201c, erkl\u00e4rt die 2. Vorsitzende Marion Gla\u00df. Sein Vorg\u00e4nger war elf Jahre im Dienst und wurde mit 130.000 gefahrenen Kilometern in Rente geschickt.<br \/>\n\u201eEs werden etwa 42.000 Kilometer im Jahr gefahren\u201c, berichtet der Tafelvorsitzende Hans-Gerhard Sch\u00f6lzel. \u201eDaher freuen wir uns sehr \u00fcber das neue Fahrzeug. Und bedanken uns recht herzlich f\u00fcr die Unterst\u00fctzung sowie den zahlreichen gro\u00dfen und kleinen Spenden\u201c, erg\u00e4nzt Marion Gla\u00df.<br \/>\nIn das neue Fahrzeug wurden 39.000 Euro investiert. Der Verkauf des Altautos erbrachte etwa 5.000 Euro, der Rest wurde aus R\u00fccklagen finanziert oder von Sponsoren \u00fcbernommen. Dazu z\u00e4hlen die Stadtwerke Lehrte, der Lions-Club Lehrte-Sehnde sowie die Kurt Gruppe. Unterst\u00fctzt wurde das Projekt weiterhin von der KLH Lehrte\/Ahlten, die seit 2018 die Spritkosten \u00fcbernimmt, der Familie Westermann, die seit vielen Jahren die Lehrter Tafel unterst\u00fctzt und dem Autohaus Sellmann. Die Stadt Lehrte erl\u00e4sst zudem seit 2018 die Nebenkosten f\u00fcr die R\u00e4umlichkeiten der Lehrter Tafel in der Gartenstra\u00dfe. \u201eDadurch k\u00f6nnen wir 4.000 Euro im Jahr einsparen\u201c, freut sich der Vorstand.<br \/>\n50 Wochen im Jahr und sechs Tage pro Woche sind die Ehrenamtlichen hier aktiv. Mehr als 350 Tonnen Lebensmittel wurden 2018 verteilt. Im Raum Lehrte beteiligen sich alle Lebensmittelm\u00e4rkte an den Spenden f\u00fcr die Tafel, um hier die registrierten Bed\u00fcrftigen zu unterst\u00fctzen. Derzeit sind das etwa 127 deutsche und 190 ausl\u00e4ndische Familien aus 24 Herkunftsl\u00e4ndern \u2013 eine Herausforderung f\u00fcr das etwa 85-k\u00f6pfige Helfer-Team, das mehr als 22.000 Arbeitsstunden j\u00e4hrlich leistet.<\/p>\n<p><span style=\"font-size: 20px; font-family: verdana,geneva,sans-serif;\"><strong>2016<\/strong><\/span><\/p>\n<div id=\"attachment_1252\" style=\"width: 160px\" class=\"wp-caption alignnone\"><a href=\"https:\/\/www.lehrter-tafel.de\/wordpress\/wp-content\/uploads\/2016\/11\/2016-11-03-Volksbank-Pressemitteilung.pdf\" target=\"_blank\" rel=\"noopener noreferrer\"><img loading=\"lazy\" decoding=\"async\" aria-describedby=\"caption-attachment-1252\" class=\"wp-image-1252 size-thumbnail\" src=\"https:\/\/www.lehrter-tafel.de\/wordpress\/wp-content\/uploads\/2016\/11\/P1030462-150x150.jpg\" alt=\"Pressemitteilung Volksbank von 03.11.16\" width=\"150\" height=\"150\" \/><\/a><p id=\"caption-attachment-1252\" class=\"wp-caption-text\">Pressemitteilung Volksbank von 03.11.16<\/p><\/div>\n<div id=\"attachment_1090\" style=\"width: 160px\" class=\"wp-caption alignnone\"><a href=\"https:\/\/www.lehrter-tafel.de\/wordpress\/wp-content\/uploads\/2016\/09\/2016-09-03-HAZ-Anzeiger-\u00dcbergabe-K\u00fchlwagen.pdf\" target=\"_blank\" rel=\"noopener noreferrer\"><img loading=\"lazy\" decoding=\"async\" aria-describedby=\"caption-attachment-1090\" class=\"wp-image-1090 size-thumbnail\" src=\"https:\/\/www.lehrter-tafel.de\/wordpress\/wp-content\/uploads\/2016\/09\/IMG_3740-150x150.jpg\" alt=\"IMG_3740\" width=\"150\" height=\"150\" \/><\/a><p id=\"caption-attachment-1090\" class=\"wp-caption-text\">HAZ \/ NP Anzeiger vom 03.09.16<\/p><\/div>\n<div id=\"attachment_1091\" style=\"width: 160px\" class=\"wp-caption alignnone\"><a href=\"https:\/\/www.lehrter-tafel.de\/wordpress\/wp-content\/uploads\/2016\/09\/Lidl-Presseerkl\u00e4rung_Lehrter-Tafel.pdf\" target=\"_blank\" rel=\"noopener noreferrer\"><img loading=\"lazy\" decoding=\"async\" aria-describedby=\"caption-attachment-1091\" class=\"wp-image-1091 size-thumbnail\" src=\"https:\/\/www.lehrter-tafel.de\/wordpress\/wp-content\/uploads\/2016\/09\/IMG_3742-150x150.jpg\" alt=\"Lidl Pressemitteilung zur \u00dcbergabe des neuen K\u00fchlfahrzeugs\" width=\"150\" height=\"150\" \/><\/a><p id=\"caption-attachment-1091\" class=\"wp-caption-text\">Pressemitteilung Lidl vom 01.09.2016<\/p><\/div>\n<div id=\"attachment_1038\" style=\"width: 160px\" class=\"wp-caption alignnone\"><a href=\"https:\/\/www.lehrter-tafel.de\/wordpress\/wp-content\/uploads\/2016\/03\/Bericht-Anzeiger-vom-05.03.16-1.pdf\" target=\"_blank\" rel=\"noopener noreferrer\"><img loading=\"lazy\" decoding=\"async\" aria-describedby=\"caption-attachment-1038\" class=\"wp-image-1038 size-thumbnail\" src=\"https:\/\/www.lehrter-tafel.de\/wordpress\/wp-content\/uploads\/2016\/03\/Bericht-Anzeiger-vom-05.03.16-klein2-3-150x150.jpg\" alt=\"\" width=\"150\" height=\"150\" srcset=\"https:\/\/www.lehrter-tafel.de\/wordpress\/wp-content\/uploads\/2016\/03\/Bericht-Anzeiger-vom-05.03.16-klein2-3-150x150.jpg 150w, https:\/\/www.lehrter-tafel.de\/wordpress\/wp-content\/uploads\/2016\/03\/Bericht-Anzeiger-vom-05.03.16-klein2-3-768x775.jpg 768w, https:\/\/www.lehrter-tafel.de\/wordpress\/wp-content\/uploads\/2016\/03\/Bericht-Anzeiger-vom-05.03.16-klein2-3-1015x1024.jpg 1015w, https:\/\/www.lehrter-tafel.de\/wordpress\/wp-content\/uploads\/2016\/03\/Bericht-Anzeiger-vom-05.03.16-klein2-3.jpg 1146w\" sizes=\"auto, (max-width: 150px) 100vw, 150px\" \/><\/a><p id=\"caption-attachment-1038\" class=\"wp-caption-text\">HAZ \/ NP Anzeiger vom 05.03.2016<\/p><\/div>\n<div id=\"attachment_1029\" style=\"width: 160px\" class=\"wp-caption alignnone\"><a href=\"https:\/\/www.lehrter-tafel.de\/wordpress\/wp-content\/uploads\/2016\/03\/Marktspiegel-Feb.-2016-Jahreshauptversammlung.pdf\" target=\"_blank\" rel=\"https:\/\/www.lehrter-tafel.de\/wordpress\/wp-content\/uploads\/2016\/03\/marktspiegel-feb.-2016-jahreshauptversammlung.pdf noopener noreferrer\"><img loading=\"lazy\" decoding=\"async\" aria-describedby=\"caption-attachment-1029\" class=\"wp-image-1029 size-thumbnail\" src=\"https:\/\/www.lehrter-tafel.de\/wordpress\/wp-content\/uploads\/2016\/03\/2016-02-24-Marktspiegel-JHV-2-150x150.jpg\" alt=\"\" width=\"150\" height=\"150\" \/><\/a><p id=\"caption-attachment-1029\" class=\"wp-caption-text\">Marktspiegel vom 24.02.2016<\/p><\/div>\n<p><span style=\"font-size: 20px; font-family: verdana,geneva,sans-serif;\"><strong>2015<\/strong><\/span><\/p>\n<div id=\"attachment_839\" style=\"width: 160px\" class=\"wp-caption alignnone\"><a href=\"https:\/\/www.lehrter-tafel.de\/wordpress\/wp-content\/uploads\/2015\/10\/HAZ-Okt.-2015-Ansturm-auf-Lehrter-Tafel.jpg\"><img loading=\"lazy\" decoding=\"async\" aria-describedby=\"caption-attachment-839\" class=\"wp-image-839 size-thumbnail\" src=\"https:\/\/www.lehrter-tafel.de\/wordpress\/wp-content\/uploads\/2015\/10\/HAZ-Okt.-2015-Ansturm-auf-Lehrter-Tafel-150x150.jpg\" alt=\"HAZ Okt. 2015 Ansturm auf Lehrter Tafel\" width=\"150\" height=\"150\" \/><\/a><p id=\"caption-attachment-839\" class=\"wp-caption-text\">HAZ \/ NP Anzeiger vom 16.10.2015<\/p><\/div>\n<div id=\"attachment_242\" style=\"width: 160px\" class=\"wp-caption alignnone\"><a href=\"https:\/\/www.lehrter-tafel.de\/wordpress\/wp-content\/uploads\/2015\/08\/HAZ-Anzeiger-04.07.15.jpg\" target=\"_blank\" rel=\"noopener noreferrer\"><img loading=\"lazy\" decoding=\"async\" aria-describedby=\"caption-attachment-242\" class=\"wp-image-242 size-thumbnail\" src=\"https:\/\/www.lehrter-tafel.de\/wordpress\/wp-content\/uploads\/2015\/08\/HAZ-Anzeiger-04.07.15-150x150.jpg\" alt=\"HAZ-Anzeiger vom 04.07.2015\" width=\"150\" height=\"150\" \/><\/a><p id=\"caption-attachment-242\" class=\"wp-caption-text\">HAZ \/ NP Anzeiger vom 04.07.2015<\/p><\/div>\n<div id=\"attachment_243\" style=\"width: 160px\" class=\"wp-caption alignnone\"><a href=\"https:\/\/www.lehrter-tafel.de\/wordpress\/wp-content\/uploads\/2015\/08\/HAZ-Anzeiger-Einladung-TDO-03.07.15.jpg\" target=\"_blank\" rel=\"noopener noreferrer\"><img loading=\"lazy\" decoding=\"async\" aria-describedby=\"caption-attachment-243\" class=\"wp-image-243 size-thumbnail\" src=\"https:\/\/www.lehrter-tafel.de\/wordpress\/wp-content\/uploads\/2015\/08\/HAZ-Anzeiger-Einladung-TDO-03.07.15-150x150.jpg\" alt=\"HAZ-Anzeiger Einladung TDO 03.07.15\" width=\"150\" height=\"150\" \/><\/a><p id=\"caption-attachment-243\" class=\"wp-caption-text\">HAZ \/ NP Anzeiger vom 03.07.2015<\/p><\/div>\n<\/div>\n<\/div>\n","protected":false},"excerpt":{"rendered":"<p>Aktuelles aus der Lokalpresse Von den Tafeln allgemein und \u00fcber die Lehrter Tafel im Besonderen wird nicht nur viel gesprochen, es wird auch einiges geschrieben. Hier ein paar Ausz\u00fcge: 2019 Neuer K\u00fchlwagen f\u00fcr die Lehrter Tafel Ein neues Fahrzeug f\u00fcr die Tafel, dank der Spender und Unterst\u00fctzer. Etwa 42.000 Kilometer werden j\u00e4hrlich zur\u00fcck gelegt VON [&hellip;]<\/p>\n","protected":false},"author":2,"featured_media":0,"parent":18,"menu_order":0,"comment_status":"closed","ping_status":"closed","template":"","meta":{"rop_custom_images_group":[],"rop_custom_messages_group":[],"rop_publish_now":"initial","rop_publish_now_accounts":[],"rop_publish_now_history":[],"rop_publish_now_status":"pending","footnotes":""},"class_list":["post-419","page","type-page","status-publish","hentry"],"wppr_data":{"cwp_meta_box_check":"No"},"_links":{"self":[{"href":"https:\/\/www.lehrter-tafel.de\/wordpress\/wp-json\/wp\/v2\/pages\/419","targetHints":{"allow":["GET"]}}],"collection":[{"href":"https:\/\/www.lehrter-tafel.de\/wordpress\/wp-json\/wp\/v2\/pages"}],"about":[{"href":"https:\/\/www.lehrter-tafel.de\/wordpress\/wp-json\/wp\/v2\/types\/page"}],"author":[{"embeddable":true,"href":"https:\/\/www.lehrter-tafel.de\/wordpress\/wp-json\/wp\/v2\/users\/2"}],"replies":[{"embeddable":true,"href":"https:\/\/www.lehrter-tafel.de\/wordpress\/wp-json\/wp\/v2\/comments?post=419"}],"version-history":[{"count":57,"href":"https:\/\/www.lehrter-tafel.de\/wordpress\/wp-json\/wp\/v2\/pages\/419\/revisions"}],"predecessor-version":[{"id":1479,"href":"https:\/\/www.lehrter-tafel.de\/wordpress\/wp-json\/wp\/v2\/pages\/419\/revisions\/1479"}],"up":[{"embeddable":true,"href":"https:\/\/www.lehrter-tafel.de\/wordpress\/wp-json\/wp\/v2\/pages\/18"}],"wp:attachment":[{"href":"https:\/\/www.lehrter-tafel.de\/wordpress\/wp-json\/wp\/v2\/media?parent=419"}],"curies":[{"name":"wp","href":"https:\/\/api.w.org\/{rel}","templated":true}]}}