{"id":315,"date":"2015-08-13T08:32:12","date_gmt":"2015-08-13T08:32:12","guid":{"rendered":"http:\/\/www.lehrter-tafel.de\/wordpress\/?page_id=315"},"modified":"2026-02-18T14:20:45","modified_gmt":"2026-02-18T14:20:45","slug":"impressum","status":"publish","type":"page","link":"https:\/\/www.lehrter-tafel.de\/wordpress\/kontakt\/impressum\/","title":{"rendered":"Impressum"},"content":{"rendered":"<div id=\"fb-root\"><\/div>\n<p><strong><span style=\"font-family: arial,helvetica,sans-serif; font-size: 20px;\">Impressum<\/span><\/strong><\/p>\n<p><span style=\"font-family: arial,helvetica,sans-serif; font-size: 16px;\"><strong>Lehrter Tafel e.V.<\/strong><\/span><\/p>\n<p><span style=\"font-family: arial,helvetica,sans-serif; font-size: 14px;\">31275 Lehrte<\/span><br \/>\n<span style=\"font-family: arial,helvetica,sans-serif; font-size: 14px;\"> Gartenstra\u00dfe 6a \/ 6 b<\/span><\/p>\n<p><span style=\"font-family: arial,helvetica,sans-serif; font-size: 14px;\">Tel: 05132 \/ 8309896<\/span><br \/>\n<span style=\"font-family: arial,helvetica,sans-serif; font-size: 14px;\"> E-Mail: <a href=\"mailto:lehrter-tafel@gmx.de\">lehrter-tafel@gmx.de<\/a><\/span><\/p>\n<p><span style=\"font-family: arial,helvetica,sans-serif; font-size: 14px;\">Die Lehrter Tafel e. V. ist als mildt\u00e4tiger Verein unter Registernummer VR 200932 beim Amtsgericht Hildesheim eingetragen und ist berechtigt Spendenbescheinigungen auszustellen.<\/span><\/p>\n<hr \/>\n<p><span style=\"font-family: arial,helvetica,sans-serif; font-size: 14px;\"><strong><u>Verantwortlich f\u00fcr den Inhalt:<\/u><\/strong><\/span><\/p>\n<p><span style=\"font-family: arial,helvetica,sans-serif; font-size: 14px;\">Frank Wersebe<\/span><br \/>\n<span style=\"font-family: arial,helvetica,sans-serif; font-size: 14px;\"> 1. Vorsitzender Lehrter Tafel e.V.<\/span><\/p>\n<p><span style=\"font-family: arial,helvetica,sans-serif; font-size: 14px;\"><strong><u>Gestaltung und Aktualisierung:<\/u><\/strong><\/span><\/p>\n<p><span style=\"font-family: arial,helvetica,sans-serif; font-size: 14px;\">Martin Drie\u00dflein ( Firma <a href=\"http:\/\/www.office-tech.info\">Office-Tech<\/a> )<\/span><br \/>\n<span style=\"font-family: arial,helvetica,sans-serif; font-size: 14px;\"> Tel: 05132 \/ 88 88 66<br \/>\n<\/span><\/p>\n<p><span style=\"font-family: arial,helvetica,sans-serif; font-size: 14px;\"><strong><u>Technische Realisierung:<\/u><\/strong><\/span><\/p>\n<p><span style=\"font-family: arial,helvetica,sans-serif; font-size: 14px;\">Martin Drie\u00dflein (Fachinformatiker \/ Systemintegration)<\/span><br \/>\n<span style=\"font-family: arial,helvetica,sans-serif; font-size: 14px;\"> Office-Tech.info &#8222;ein Unternehmen der KURT-Gruppe&#8220;<\/span><br \/>\n<span style=\"font-family: arial,helvetica,sans-serif; font-size: 14px;\"> Auf den Pohl\u00e4ckern 9<\/span><br \/>\n<span style=\"font-family: arial,helvetica,sans-serif; font-size: 14px;\"> 31275 Lehrte<\/span><br \/>\n<span style=\"font-family: arial,helvetica,sans-serif; font-size: 14px;\"> Tel: 05132 \/ 58 58 04<\/span><br \/>\n<span style=\"font-family: arial,helvetica,sans-serif; font-size: 14px;\"> Fax: 05132 \/ 58 57 02<\/span><br \/>\n<span style=\"font-family: arial,helvetica,sans-serif; font-size: 14px;\"> Mobil: 0163 \/ 58 78 005<\/span><br \/>\n<span style=\"font-family: arial,helvetica,sans-serif; font-size: 14px;\"> web: <a href=\"http:\/\/www.office-tech.info\">www.office-tech.info<\/a><\/span><\/p>\n<hr \/>\n<p><span style=\"font-family: arial,helvetica,sans-serif; font-size: 14px;\"><strong><u>Haftungs-, Urheberrechts- und Datenschutzhinweise:<\/u><\/strong><\/span><\/p>\n<p><span style=\"font-family: arial,helvetica,sans-serif; font-size: 14px;\">Alle auf unserer Internetseite enthaltenen Angaben und Informationen wurden sorgf\u00e4ltig recherchiert und gepr\u00fcft. F\u00fcr die Richtigkeit, Vollst\u00e4ndigkeit und Aktualit\u00e4t k\u00f6nnen wir allerdings keine Haftung \u00fcbernehmen. Ebenso \u00fcbernehmen wir keine Haftung f\u00fcr eventuell auftretende Sch\u00e4den oder Konsequenzen, die durch die Nutzung unserer Seiten entstehen.<\/span><\/p>\n<p><span style=\"font-family: arial,helvetica,sans-serif; font-size: 14px;\">F\u00fcr Internetseiten Dritter, auf die durch Links verwiesen wird oder von denen unsere Seiten aufgerufen werden k\u00f6nnen, tragen wir keine Verantwortung. Ebenso sind wir nicht verantwortlich f\u00fcr den Seiteninhalt Dritter.<\/span><\/p>\n<p><span style=\"font-family: arial,helvetica,sans-serif; font-size: 14px;\">Alle Inhalte unserer Internetseiten sind urheberrechtlich gesch\u00fctzt. Die Vervielf\u00e4ltigung von Inhalten oder Daten, insbesondere die Verwendung von Texten, Textteilen oder Bildmaterial bedarf unserer vorherigen Genehmigung.<\/span><\/p>\n<p><span style=\"font-family: arial,helvetica,sans-serif; font-size: 14px;\">Alle personenbezogenen Daten, die wir \u00fcber unsere Internet-Seiten sammeln, werden von Ihnen freiwillig gegeben. Ihre personenbezogenen Daten werden von uns nur verwendet, um Ihre Anfragen zu beantworten oder um Sie zu informieren.\u00a0Ihre personenbezogenen Daten werden\u00a0weder an Dritte weitergegeben\u00a0noch anderweitig verwendet.<\/span><\/p>\n","protected":false},"excerpt":{"rendered":"<p>Impressum Lehrter Tafel e.V. 31275 Lehrte Gartenstra\u00dfe 6a \/ 6 b Tel: 05132 \/ 8309896 E-Mail: lehrter-tafel@gmx.de Die Lehrter Tafel e. V. ist als mildt\u00e4tiger Verein unter Registernummer VR 200932 beim Amtsgericht Hildesheim eingetragen und ist berechtigt Spendenbescheinigungen auszustellen. Verantwortlich f\u00fcr den Inhalt: Frank Wersebe 1. Vorsitzender Lehrter Tafel e.V. Gestaltung und Aktualisierung: Martin Drie\u00dflein [&hellip;]<\/p>\n","protected":false},"author":2,"featured_media":0,"parent":16,"menu_order":0,"comment_status":"closed","ping_status":"closed","template":"","meta":{"rop_custom_images_group":[],"rop_custom_messages_group":[],"rop_publish_now":"initial","rop_publish_now_accounts":[],"rop_publish_now_history":[],"rop_publish_now_status":"pending","footnotes":""},"class_list":["post-315","page","type-page","status-publish","hentry"],"wppr_data":{"cwp_meta_box_check":"No"},"_links":{"self":[{"href":"https:\/\/www.lehrter-tafel.de\/wordpress\/wp-json\/wp\/v2\/pages\/315","targetHints":{"allow":["GET"]}}],"collection":[{"href":"https:\/\/www.lehrter-tafel.de\/wordpress\/wp-json\/wp\/v2\/pages"}],"about":[{"href":"https:\/\/www.lehrter-tafel.de\/wordpress\/wp-json\/wp\/v2\/types\/page"}],"author":[{"embeddable":true,"href":"https:\/\/www.lehrter-tafel.de\/wordpress\/wp-json\/wp\/v2\/users\/2"}],"replies":[{"embeddable":true,"href":"https:\/\/www.lehrter-tafel.de\/wordpress\/wp-json\/wp\/v2\/comments?post=315"}],"version-history":[{"count":16,"href":"https:\/\/www.lehrter-tafel.de\/wordpress\/wp-json\/wp\/v2\/pages\/315\/revisions"}],"predecessor-version":[{"id":1861,"href":"https:\/\/www.lehrter-tafel.de\/wordpress\/wp-json\/wp\/v2\/pages\/315\/revisions\/1861"}],"up":[{"embeddable":true,"href":"https:\/\/www.lehrter-tafel.de\/wordpress\/wp-json\/wp\/v2\/pages\/16"}],"wp:attachment":[{"href":"https:\/\/www.lehrter-tafel.de\/wordpress\/wp-json\/wp\/v2\/media?parent=315"}],"curies":[{"name":"wp","href":"https:\/\/api.w.org\/{rel}","templated":true}]}}