{"id":16,"date":"2015-07-30T10:40:17","date_gmt":"2015-07-30T10:40:17","guid":{"rendered":"http:\/\/www.lehrter-tafel.de\/wordpress\/?page_id=16"},"modified":"2026-02-22T15:33:23","modified_gmt":"2026-02-22T15:33:23","slug":"kontakt","status":"publish","type":"page","link":"https:\/\/www.lehrter-tafel.de\/wordpress\/kontakt\/","title":{"rendered":"Kontakt"},"content":{"rendered":"<div id=\"fb-root\"><\/div>\n<p><strong><span style=\"font-family: verdana,geneva,sans-serif; font-size: 20px;\">Kontakt<\/span><\/strong><\/p>\n<p><span style=\"font-size: 14px; font-family: verdana,geneva,sans-serif;\">Wenn Sie mit uns Kontakt aufnehmen wollen, wenden Sie sich an:<\/span><\/p>\n<p style=\"text-align: left; padding-left: 60px;\"><span style=\"font-size: 14px; font-family: verdana,geneva,sans-serif;\">Lehrter Tafel e.V.<\/span><br \/>\n<span style=\"font-size: 14px; font-family: verdana,geneva,sans-serif;\"> 31275 Lehrte,<\/span><br \/>\n<span style=\"font-size: 14px; font-family: verdana,geneva,sans-serif;\"> Gartenstra\u00dfe 6a \/ 6 b<\/span><\/p>\n<p><span style=\"font-size: 14px; font-family: verdana,geneva,sans-serif;\">F\u00fcr Besuche beachten Sie bitte die unten aufgef\u00fchrten \u00d6ffnungszeiten.<br \/>\nInnerhalb dieser Zeiten ist auch die telefonische Erreichbarkeit der unten aufgef\u00fchrten Mitarbeiter sichergestellt.<br \/>\n<\/span><\/p>\n<p><span style=\"font-size: 14px; font-family: verdana,geneva,sans-serif;\">Zur elektronischen Kontaktaufnahme nutzen Sie bitte unser <a href=\"https:\/\/www.lehrter-tafel.de\/wordpress\/formular\/\">Kontaktformular<\/a>.<\/span><\/p>\n","protected":false},"excerpt":{"rendered":"<p>Kontakt Wenn Sie mit uns Kontakt aufnehmen wollen, wenden Sie sich an: Lehrter Tafel e.V. 31275 Lehrte, Gartenstra\u00dfe 6a \/ 6 b F\u00fcr Besuche beachten Sie bitte die unten aufgef\u00fchrten \u00d6ffnungszeiten. Innerhalb dieser Zeiten ist auch die telefonische Erreichbarkeit der unten aufgef\u00fchrten Mitarbeiter sichergestellt. Zur elektronischen Kontaktaufnahme nutzen Sie bitte unser Kontaktformular.<\/p>\n","protected":false},"author":2,"featured_media":0,"parent":0,"menu_order":0,"comment_status":"closed","ping_status":"closed","template":"","meta":{"rop_custom_images_group":[],"rop_custom_messages_group":[],"rop_publish_now":"initial","rop_publish_now_accounts":[],"rop_publish_now_history":[],"rop_publish_now_status":"pending","footnotes":""},"class_list":["post-16","page","type-page","status-publish","hentry"],"wppr_data":{"cwp_meta_box_check":"No","cwp_rev_product_name":"","cwp_rev_product_image":"","cwp_image_link":"image","cwp_rev_price":""},"_links":{"self":[{"href":"https:\/\/www.lehrter-tafel.de\/wordpress\/wp-json\/wp\/v2\/pages\/16","targetHints":{"allow":["GET"]}}],"collection":[{"href":"https:\/\/www.lehrter-tafel.de\/wordpress\/wp-json\/wp\/v2\/pages"}],"about":[{"href":"https:\/\/www.lehrter-tafel.de\/wordpress\/wp-json\/wp\/v2\/types\/page"}],"author":[{"embeddable":true,"href":"https:\/\/www.lehrter-tafel.de\/wordpress\/wp-json\/wp\/v2\/users\/2"}],"replies":[{"embeddable":true,"href":"https:\/\/www.lehrter-tafel.de\/wordpress\/wp-json\/wp\/v2\/comments?post=16"}],"version-history":[{"count":22,"href":"https:\/\/www.lehrter-tafel.de\/wordpress\/wp-json\/wp\/v2\/pages\/16\/revisions"}],"predecessor-version":[{"id":735,"href":"https:\/\/www.lehrter-tafel.de\/wordpress\/wp-json\/wp\/v2\/pages\/16\/revisions\/735"}],"wp:attachment":[{"href":"https:\/\/www.lehrter-tafel.de\/wordpress\/wp-json\/wp\/v2\/media?parent=16"}],"curies":[{"name":"wp","href":"https:\/\/api.w.org\/{rel}","templated":true}]}}