{"id":144,"date":"2015-08-10T14:24:36","date_gmt":"2015-08-10T14:24:36","guid":{"rendered":"http:\/\/www.lehrter-tafel.de\/wordpress\/?page_id=144"},"modified":"2026-05-03T14:23:22","modified_gmt":"2026-05-03T14:23:22","slug":"willkommen-bei-der-lehrter-tafel-e-v","status":"publish","type":"page","link":"https:\/\/www.lehrter-tafel.de\/wordpress\/","title":{"rendered":"Willkommen bei der Lehrter Tafel e.V."},"content":{"rendered":"<div id=\"fb-root\"><\/div>\n\n<hr class=\"wp-block-separator has-css-opacity\"\/>\n\n\n\n<figure class=\"wp-block-image size-full\"><a href=\"https:\/\/www.lehrter-tafel.de\/wordpress\/wp-content\/uploads\/2026\/05\/Tafel-April-Juni-26.jpg\"><img loading=\"lazy\" decoding=\"async\" width=\"1306\" height=\"704\" src=\"https:\/\/www.lehrter-tafel.de\/wordpress\/wp-content\/uploads\/2026\/05\/Tafel-April-Juni-26.jpg\" alt=\"\" class=\"wp-image-1890\" srcset=\"https:\/\/www.lehrter-tafel.de\/wordpress\/wp-content\/uploads\/2026\/05\/Tafel-April-Juni-26.jpg 1306w, https:\/\/www.lehrter-tafel.de\/wordpress\/wp-content\/uploads\/2026\/05\/Tafel-April-Juni-26-300x162.jpg 300w, https:\/\/www.lehrter-tafel.de\/wordpress\/wp-content\/uploads\/2026\/05\/Tafel-April-Juni-26-1024x552.jpg 1024w, https:\/\/www.lehrter-tafel.de\/wordpress\/wp-content\/uploads\/2026\/05\/Tafel-April-Juni-26-768x414.jpg 768w, https:\/\/www.lehrter-tafel.de\/wordpress\/wp-content\/uploads\/2026\/05\/Tafel-April-Juni-26-50x27.jpg 50w\" sizes=\"auto, (max-width: 1306px) 100vw, 1306px\" \/><\/a><\/figure>\n\n\n\n<p><\/p>\n\n\n<p><strong><a href=\"https:\/\/www.lehrter-tafel.de\/wordpress\/wp-content\/uploads\/2015\/08\/Tafel-Gartenstr.1.jpg\"><img loading=\"lazy\" decoding=\"async\" class=\"wp-image-139 alignleft\" src=\"https:\/\/www.lehrter-tafel.de\/wordpress\/wp-content\/uploads\/2015\/08\/Tafel-Gartenstr.1-300x212.jpg\" alt=\"Tafel Gartenstr.\" width=\"443\" height=\"313\" srcset=\"https:\/\/www.lehrter-tafel.de\/wordpress\/wp-content\/uploads\/2015\/08\/Tafel-Gartenstr.1-300x212.jpg 300w, https:\/\/www.lehrter-tafel.de\/wordpress\/wp-content\/uploads\/2015\/08\/Tafel-Gartenstr.1.jpg 1024w\" sizes=\"auto, (max-width: 443px) 100vw, 443px\" \/><\/a><\/strong><\/p>\n<p style=\"text-align: left;\"><span style=\"font-size: 20px; font-family: comic sans ms,sans-serif;\"><strong>Willkommen bei der Lehrter Tafel e.V. <\/strong><\/span><\/p>\n<p style=\"text-align: left;\"><span style=\"font-family: comic sans ms,sans-serif; font-size: 16px;\">In Deutschland gibt es Lebensmittel im \u00dcberfluss \u2013 und dennoch herrscht bei vielen Menschen Mangel.<\/span><\/p>\n<p style=\"text-align: left;\"><span style=\"font-family: comic sans ms,sans-serif; font-size: 16px;\">Die Tafeln bem\u00fchen sich um einen Ausgleich:<br \/>Sie sammeln \u201e\u00fcbersch\u00fcssige\u201c, aber qualitativ einwandfreie Lebensmittel, und geben diese an Bed\u00fcrftige weiter.<\/span><\/p>\n<p><span style=\"font-family: comic sans ms,sans-serif; font-size: 16px;\">Ehrenamtliche Helferinnen und Helfer, Spender und Sponsoren machen es m\u00f6glich. Machen auch Sie mit!<\/span><\/p>\n<p><span style=\"font-family: comic sans ms,sans-serif; font-size: 16px;\"><strong>Jede Hilfe ist willkommen.\u00a0\u00a0 <\/strong><\/span><\/p>\n<p><span style=\"font-family: comic sans ms,sans-serif; font-size: 16px;\">Wie <strong>Sie<\/strong> uns helfen k\u00f6nnen sagen wir ihnen <a href=\"https:\/\/www.lehrter-tafel.de\/wordpress\/wie-kann-ich-helfen-2\/\">hier!<\/a><\/span><br \/><!--\n\n\n\n\n\n\n\n\n\n\n\n\n\n\n\n\n\n\n\n\n\n\n\n\n\n\n\n\n\n\n\n\n\n\n\n\n\n\n\n\n\n\n\n\n\n\n\n\n\n\n\n\n\n\n\n\n\n\n\n\n\n\n\n\n\n\n\n\n\n\n\n\n\n\n\n\n\n\n\n\n\n\n\n\n\n\n\n\n\n\n\n\n\n\n\n<hr \/>\n\n\n\n\n\n\n\n\n\n\n\n\n\n\n\n\n\n\n\n\n\n\n\n\n\n\n\n\n\n\n\n\n\n\n\n\n\n\n\n\n\n\n\n\n\n\n\n\n\n\n\n\n\n\n\n\n\n\n\n\n\n\n\n\n\n\n\n\n\n\n\n\n\n\n\n\n\n\n\n\n\n\n\n\n\n\n\n\n\n\n\n\n\n\n<p style=\"text-align: center;\"><span style=\"font-family: comic sans ms,sans-serif; font-size: 16px; color: #0000ff;\">An dieser Stelle auch einmal <strong>ein gro\u00dfes Dankesch\u00f6n<\/strong> an all die vielen privaten Spender die uns <strong>zum \"Erntedank\"<\/strong>\n-\u00a0\u00a0 \u00c4pfel, Tomaten, Kartoffeln, Zucchini, S\u00fc\u00dfigkeiten, Konserven, Eier\u00a0\u00a0 -\nsowie viele andere Lebensmittel vorbeigebracht haben.<\/span>\n\n--><\/p>\n\n\n<p class=\"has-text-align-center\">Besuchen Sie uns auch auf Facebook: <a rel=\"noreferrer noopener\" href=\"https:\/\/www.facebook.com\/lehrtertafel?ref=ts&amp;fref=ts\" target=\"_blank\">Lehrter Tafel e.V.<\/a><\/p>\n","protected":false},"excerpt":{"rendered":"<p>Willkommen bei der Lehrter Tafel e.V. In Deutschland gibt es Lebensmittel im \u00dcberfluss \u2013 und dennoch herrscht bei vielen Menschen Mangel. Die Tafeln bem\u00fchen sich um einen Ausgleich:Sie sammeln \u201e\u00fcbersch\u00fcssige\u201c, aber qualitativ einwandfreie Lebensmittel, und geben diese an Bed\u00fcrftige weiter. Ehrenamtliche Helferinnen und Helfer, Spender und Sponsoren machen es m\u00f6glich. Machen auch Sie mit! Jede [&hellip;]<\/p>\n","protected":false},"author":2,"featured_media":0,"parent":0,"menu_order":0,"comment_status":"closed","ping_status":"closed","template":"","meta":{"rop_custom_images_group":[],"rop_custom_messages_group":[],"rop_publish_now":"initial","rop_publish_now_accounts":[],"rop_publish_now_history":[],"rop_publish_now_status":"pending","footnotes":""},"class_list":["post-144","page","type-page","status-publish","hentry"],"wppr_data":{"cwp_meta_box_check":"No"},"_links":{"self":[{"href":"https:\/\/www.lehrter-tafel.de\/wordpress\/wp-json\/wp\/v2\/pages\/144","targetHints":{"allow":["GET"]}}],"collection":[{"href":"https:\/\/www.lehrter-tafel.de\/wordpress\/wp-json\/wp\/v2\/pages"}],"about":[{"href":"https:\/\/www.lehrter-tafel.de\/wordpress\/wp-json\/wp\/v2\/types\/page"}],"author":[{"embeddable":true,"href":"https:\/\/www.lehrter-tafel.de\/wordpress\/wp-json\/wp\/v2\/users\/2"}],"replies":[{"embeddable":true,"href":"https:\/\/www.lehrter-tafel.de\/wordpress\/wp-json\/wp\/v2\/comments?post=144"}],"version-history":[{"count":145,"href":"https:\/\/www.lehrter-tafel.de\/wordpress\/wp-json\/wp\/v2\/pages\/144\/revisions"}],"predecessor-version":[{"id":1892,"href":"https:\/\/www.lehrter-tafel.de\/wordpress\/wp-json\/wp\/v2\/pages\/144\/revisions\/1892"}],"wp:attachment":[{"href":"https:\/\/www.lehrter-tafel.de\/wordpress\/wp-json\/wp\/v2\/media?parent=144"}],"curies":[{"name":"wp","href":"https:\/\/api.w.org\/{rel}","templated":true}]}}